{"id":4281,"date":"2021-09-23T16:57:25","date_gmt":"2021-09-23T14:57:25","guid":{"rendered":"https:\/\/www.monzanet.it\/information-for-the-disabled-and-children\/"},"modified":"2022-02-03T16:06:02","modified_gmt":"2022-02-03T15:06:02","slug":"information-for-the-disabled-and-children","status":"publish","type":"page","link":"https:\/\/www.monzanet.it\/en\/information-for-the-disabled-and-children\/","title":{"rendered":"Information for the disabled and children"},"content":{"rendered":"<div class=\"wpb-content-wrapper\"><p>[vc_row row_height_percent=&#8221;0&#8243; override_padding=&#8221;yes&#8221; h_padding=&#8221;2&#8243; top_padding=&#8221;5&#8243; bottom_padding=&#8221;5&#8243; overlay_alpha=&#8221;50&#8243; gutter_size=&#8221;3&#8243; column_width_percent=&#8221;100&#8243; shift_y=&#8221;0&#8243; z_index=&#8221;0&#8243; uncode_shortcode_id=&#8221;172104&#8243;][vc_column column_width_percent=&#8221;100&#8243; position_vertical=&#8221;middle&#8221; align_horizontal=&#8221;align_center&#8221; gutter_size=&#8221;3&#8243; overlay_alpha=&#8221;50&#8243; shift_x=&#8221;0&#8243; shift_y=&#8221;0&#8243; shift_y_down=&#8221;0&#8243; z_index=&#8221;0&#8243; medium_width=&#8221;0&#8243; mobile_width=&#8221;0&#8243; width=&#8221;1\/1&#8243; uncode_shortcode_id=&#8221;201320&#8243;][vc_custom_heading uncode_shortcode_id=&#8221;152889&#8243;]<\/p>\n<h2>ACCREDITAMENTO DISABILI E BAMBINI<\/h2>\n<p>[\/vc_custom_heading][vc_separator sep_color=&#8221;&#8221; uncode_shortcode_id=&#8221;430888&#8243;][\/vc_column][\/vc_row][vc_row][vc_column width=&#8221;1\/1&#8243;][vc_column_text uncode_shortcode_id=&#8221;174496&#8243;]Gentile Tifoso,<\/p>\n<p>Di seguito trovi come le indicazioni per accedere alle nostre manifestazioni durante la stagione;<\/p>\n<p>Per usufruire dell\u2019accredito \u00e8 necessario che tutti i passaggi di seguito elencati siano stati completati:<\/p>\n<ol>\n<li>\u00a0registrazione al sevizio di accreditamento;<\/li>\n<li>ricezione della conferma dell\u2019avvenuta registrazione al servizio (entro 5 giorni lavorativi);<\/li>\n<li>effettuare una diversa richiesta di accredito per ciascuna manifestazione alla quale si \u00e8 interessati.<\/li>\n<\/ol>\n<ol>\n<li>La registrazione al servizio di accreditamento pu\u00f2 essere effettuata solo online, accedendo al seguente link\u00a0<a href=\"https:\/\/passmonza.infrontams.tv\/\">PASSMONZA<\/a>.<br \/>\nI dati forniti verranno memorizzati semplificando la presentazione delle varie richieste di accredito.<br \/>\nIl servizio di accreditamento \u00e8 gratuito ed \u00e8 riservato ai tifosi diversamente abili a cui \u00e8 stata riconosciuta\u00a0<strong>un&#8217;invalidit\u00e0 pari o superiore al 75%, condizione che deve essere riportata sul certificato di invalidit\u00e0.<\/strong><br \/>\n\u00c8 necessario compilare tutti i campi richiesti con i propri dati personali; una mail di conferma verr\u00e0 inviata all&#8217;indirizzo di posta specificato.<br \/>\n<strong>L&#8217;iscrizione al servizio di accreditamento dovr\u00e0 essere effettuata una sola volta<\/strong>.<br \/>\nIn seguito, per richiedere l\u2019accredito per le gare, sar\u00e0 sufficiente accedere al sistema con e-mail e password indicati in fase di registrazione.<br \/>\nIn seguito, per richiedere l\u2019accredito per le giornate di gara, sar\u00e0 sufficiente accedere al sistema con e-mail e password indicati in fase di registrazione.<\/li>\n<li>La registrazione \u00e8 subordinata al controllo della documentazione inviata.<br \/>\nNon \u00e8 possibile approvare la registrazione con dati forniti incompleti o non conformi ai requisiti.<br \/>\n<strong>La conferma di avvenuta registrazione<\/strong>\u00a0al servizio verr\u00e0 inviata via e-mail\u00a0<strong>entro 5 giorni lavorativi.<br \/>\n<\/strong>Qualora la richiesta di registrazione non venisse accettata, sar\u00e0 ugualmente inviata una mail di notifica.<br \/>\nSi raccomanda di verificarne la ricezione anche nella cartella di posta indesiderata.<br \/>\nL&#8217;accredito viene emesso a seguito della presentazione della documentazione che certifichi la disabilit\u00e0 dell&#8217;utente, \u00e8 pertanto strettamente personale e in nessun caso cedibile a terzi.Si ricorda inoltre che\u00a0<strong>ogni modifica apportata dall\u2019utente al proprio profilo attivo<\/strong>\u00a0(cliccando sul pulsante \u201cSalva\u201d)\u00a0<strong>annulla la validazione ottenuta in precedenza ed \u00e8 soggetta a una nuova approvazione da parte del Circuito.<\/strong>\u00a0Il profilo risulter\u00e0 pertanto temporaneamente sospeso fino a nuova validazione. In seguito alla validazione del profilo si suggerisce pertanto di non effettuare azioni non necessarie sui propri dati personali.<\/li>\n<li>Per richiedere l\u2019accredito ad una giornata di manifestazione, accedere al sistema utilizzando le proprie credenziali, indicate in fase di registrazione.<br \/>\nLa richiesta di accredito pu\u00f2 essere inviata utilizzando\u00a0<strong>esclusivamente il servizio online<\/strong>.<br \/>\nPer ciascuna manifestazione sono indicate le date di inizio e chiusura del servizio.<br \/>\nLa chiusura anticipata del servizio di accreditamento \u00e8 soggetta alla disponibilit\u00e0 dei posti e potr\u00e0 avvenire in qualunque momento<br \/>\nSelezionare la giornata dell\u2019evento di proprio interesse e cliccare sul pulsante \u201crichiedi pass\u201d.<br \/>\nNel caso di disponibilit\u00e0 posti il pass potr\u00e0 essere scaricato direttamente dal pass system.<br \/>\nLa conferma dell&#8217;accredito verr\u00e0 inoltre inviata via e-mail, nei tempi utili per assistere all\u2019evento.<br \/>\nSi raccomanda di stampare i biglietti per poter accedere al circuito.<\/li>\n<\/ol>\n<p>All\u2019ingresso i possessori dei pass dovranno accettare di farsi identificare dal personale di servizio mediante l&#8217;esibizione di un documento di identit\u00e0. In caso di rifiuto, non sar\u00e0 consentito l\u2019accesso all\u2019autodromo.<\/p>\n<h4>AREA DI PARCHEGGIO (riservata agli accreditati)<\/h4>\n<p>I tifosi diversamente abili accreditati potranno accedere all&#8217;area di parcheggio loro riservata. Per raggiungere l\u2019ingresso sar\u00e0 necessario esibire copia della conferma di avvenuto accredito un documento d&#8217;identit\u00e0 e il contrassegno per auto rilasciato dalle autorit\u00e0 locali competenti.<br \/>\nI possessori dei pass dovranno accettare di farsi identificare in qualsiasi momento dal personale di servizio mediante l\u2019esibizione di un documento di identit\u00e0. Il rifiuto di sottoporsi all\u2019identificazione, l\u2019uso di un pass assegnato ad altra persona o l\u2019accesso ad aree non consentite, comporter\u00e0 l\u2019immediato accompagnamento all\u2019uscita del possessore del pass, che potr\u00e0 essere segnalato all\u2019Autorit\u00e0 di Pubblica Sicurezza per gli accertamenti del caso. (art. 1-septies, comma 2, decreto-legge 24 febbraio 2003, n. 28, come modificato dalla legge 41\/2007).<\/p>\n<p><strong>L\u2019area di parcheggio riservata agli accreditati, \u00e8 accessibile <u>fino a completamento della disponibilit\u00e0<\/u> e salvo le limitazioni apportate dalla competente autorit\u00e0 alla viabilit\u00e0 interna.<\/strong><br \/>\nIn caso di completamento dell\u2019area parcheggio sar\u00e0 predisposto un servizio di assistenza agli spostamenti verso le aree dedicate.<\/p>\n<p><strong>Si raccomanda di sfruttare l\u2019accesso al parcheggio solo in caso di concreta necessit\u00e0<\/strong>.<\/p>\n<p>Per raggiungere l\u2019ingresso A, in via Vedano 5, sar\u00e0 necessario esibire il pass, un documento d&#8217;identit\u00e0 e il contrassegno per auto rilasciato dal proprio comune di residenza.<br \/>\n<strong>Nel caso non venisse mostrato uno dei documenti sopra richiesti, non sar\u00e0 consentito l\u2019accesso all\u2019autodromo.<\/strong><\/p>\n<h4>IMPORTANTE<\/h4>\n<p>Il numero degli accrediti disponibili \u00e8 limitato, vi invitiamo pertanto a farne richiesta solo quando se ne ha la certezza di poterli effettivamente utilizzare.<br \/>\nNel caso in cui, pur avendolo ottenuto, non fosse pi\u00f9 possibile utilizzarlo, vi preghiamo di revocarlo tempestivamente, cliccando sul pulsante \u201cannulla accredito\u201d presente sul proprio dashboard, in modo che possa essere reso disponibile per un\u2019altra persona disabile.<\/p>\n<h4>Accrediti per tifosi stranieri<\/h4>\n<p>Per i tifosi stranieri si richiede il caricamento del certificato di invalidit\u00e0 tradotto in lingua italiana e conforme al regolamento riportato sul nostro sito (disabilit\u00e0 uguale o superiore al 75%, condizione che deve essere riportata sul certificato stesso).<\/p>\n<h2>Bambini<\/h2>\n<p>Per l&#8217;ingresso dei bambini per eventi a pagamento, la divisione \u00e8 la seguente:<\/p>\n<ol>\n<li>Bambini 0-6 anni: INGRESSO GRATUITO<\/li>\n<li>Bambini 7-11 anni: INGRESSO CON BIGLIETTO RIDOTTO<\/li>\n<\/ol>\n<p>Per le specifiche relative a ogni singolo evento, si rimanda alla specifica pagina dell&#8217;evento.[\/vc_column_text][\/vc_column][\/vc_row]<\/p>\n<\/div>","protected":false},"excerpt":{"rendered":"<p>[vc_row row_height_percent=&#8221;0&#8243; override_padding=&#8221;yes&#8221; h_padding=&#8221;2&#8243; top_padding=&#8221;5&#8243; bottom_padding=&#8221;5&#8243; overlay_alpha=&#8221;50&#8243; gutter_size=&#8221;3&#8243; column_width_percent=&#8221;100&#8243; shift_y=&#8221;0&#8243; z_index=&#8221;0&#8243; uncode_shortcode_id=&#8221;172104&#8243;][vc_column column_width_percent=&#8221;100&#8243; position_vertical=&#8221;middle&#8221; align_horizontal=&#8221;align_center&#8221; gutter_size=&#8221;3&#8243; overlay_alpha=&#8221;50&#8243; shift_x=&#8221;0&#8243; shift_y=&#8221;0&#8243; shift_y_down=&#8221;0&#8243; [&hellip;]<\/p>\n","protected":false},"author":11,"featured_media":0,"parent":0,"menu_order":0,"comment_status":"closed","ping_status":"closed","template":"","meta":{"footnotes":""},"class_list":["post-4281","page","type-page","status-publish","hentry"],"yoast_head":"<!-- This site is optimized with the Yoast SEO plugin v26.8 - https:\/\/yoast.com\/product\/yoast-seo-wordpress\/ -->\n<title>Accreditation of disabled people and children | Monza National Circuit<\/title>\n<meta name=\"description\" content=\"All information on the procedures to be followed for the accreditation of children and people with disabilities at the Monza racetrack\" \/>\n<meta name=\"robots\" content=\"index, follow, max-snippet:-1, max-image-preview:large, max-video-preview:-1\" \/>\n<link rel=\"canonical\" href=\"https:\/\/www.monzanet.it\/en\/information-for-the-disabled-and-children\/\" \/>\n<meta property=\"og:locale\" content=\"en_US\" \/>\n<meta property=\"og:type\" content=\"article\" \/>\n<meta property=\"og:title\" content=\"Accreditation of disabled people and children | Monza National Circuit\" \/>\n<meta property=\"og:description\" content=\"All information on the procedures to be followed for the accreditation of children and people with disabilities at the Monza racetrack\" \/>\n<meta property=\"og:url\" content=\"https:\/\/www.monzanet.it\/en\/information-for-the-disabled-and-children\/\" \/>\n<meta property=\"og:site_name\" content=\"Autodromo Nazionale Monza\" \/>\n<meta property=\"article:modified_time\" content=\"2022-02-03T15:06:02+00:00\" \/>\n<meta name=\"twitter:card\" content=\"summary_large_image\" \/>\n<meta name=\"twitter:label1\" content=\"Est. reading time\" \/>\n\t<meta name=\"twitter:data1\" content=\"5 minutes\" \/>\n<script type=\"application\/ld+json\" class=\"yoast-schema-graph\">{\"@context\":\"https:\/\/schema.org\",\"@graph\":[{\"@type\":\"WebPage\",\"@id\":\"https:\/\/www.monzanet.it\/en\/information-for-the-disabled-and-children\/\",\"url\":\"https:\/\/www.monzanet.it\/en\/information-for-the-disabled-and-children\/\",\"name\":\"Accreditation of disabled people and children | Monza National Circuit\",\"isPartOf\":{\"@id\":\"https:\/\/www.monzanet.it\/en\/#website\"},\"datePublished\":\"2021-09-23T14:57:25+00:00\",\"dateModified\":\"2022-02-03T15:06:02+00:00\",\"description\":\"All information on the procedures to be followed for the accreditation of children and people with disabilities at the Monza racetrack\",\"breadcrumb\":{\"@id\":\"https:\/\/www.monzanet.it\/en\/information-for-the-disabled-and-children\/#breadcrumb\"},\"inLanguage\":\"en-US\",\"potentialAction\":[{\"@type\":\"ReadAction\",\"target\":[\"https:\/\/www.monzanet.it\/en\/information-for-the-disabled-and-children\/\"]}]},{\"@type\":\"BreadcrumbList\",\"@id\":\"https:\/\/www.monzanet.it\/en\/information-for-the-disabled-and-children\/#breadcrumb\",\"itemListElement\":[{\"@type\":\"ListItem\",\"position\":1,\"name\":\"Home\",\"item\":\"https:\/\/www.monzanet.it\/en\/\"},{\"@type\":\"ListItem\",\"position\":2,\"name\":\"Information for the disabled and children\"}]},{\"@type\":\"WebSite\",\"@id\":\"https:\/\/www.monzanet.it\/en\/#website\",\"url\":\"https:\/\/www.monzanet.it\/en\/\",\"name\":\"Autodromo Nazionale Monza\",\"description\":\"The Temple of Speed\",\"potentialAction\":[{\"@type\":\"SearchAction\",\"target\":{\"@type\":\"EntryPoint\",\"urlTemplate\":\"https:\/\/www.monzanet.it\/en\/?s={search_term_string}\"},\"query-input\":{\"@type\":\"PropertyValueSpecification\",\"valueRequired\":true,\"valueName\":\"search_term_string\"}}],\"inLanguage\":\"en-US\"}]}<\/script>\n<!-- \/ Yoast SEO plugin. -->","yoast_head_json":{"title":"Accreditation of disabled people and children | Monza National Circuit","description":"All information on the procedures to be followed for the accreditation of children and people with disabilities at the Monza racetrack","robots":{"index":"index","follow":"follow","max-snippet":"max-snippet:-1","max-image-preview":"max-image-preview:large","max-video-preview":"max-video-preview:-1"},"canonical":"https:\/\/www.monzanet.it\/en\/information-for-the-disabled-and-children\/","og_locale":"en_US","og_type":"article","og_title":"Accreditation of disabled people and children | Monza National Circuit","og_description":"All information on the procedures to be followed for the accreditation of children and people with disabilities at the Monza racetrack","og_url":"https:\/\/www.monzanet.it\/en\/information-for-the-disabled-and-children\/","og_site_name":"Autodromo Nazionale Monza","article_modified_time":"2022-02-03T15:06:02+00:00","twitter_card":"summary_large_image","twitter_misc":{"Est. reading time":"5 minutes"},"schema":{"@context":"https:\/\/schema.org","@graph":[{"@type":"WebPage","@id":"https:\/\/www.monzanet.it\/en\/information-for-the-disabled-and-children\/","url":"https:\/\/www.monzanet.it\/en\/information-for-the-disabled-and-children\/","name":"Accreditation of disabled people and children | Monza National Circuit","isPartOf":{"@id":"https:\/\/www.monzanet.it\/en\/#website"},"datePublished":"2021-09-23T14:57:25+00:00","dateModified":"2022-02-03T15:06:02+00:00","description":"All information on the procedures to be followed for the accreditation of children and people with disabilities at the Monza racetrack","breadcrumb":{"@id":"https:\/\/www.monzanet.it\/en\/information-for-the-disabled-and-children\/#breadcrumb"},"inLanguage":"en-US","potentialAction":[{"@type":"ReadAction","target":["https:\/\/www.monzanet.it\/en\/information-for-the-disabled-and-children\/"]}]},{"@type":"BreadcrumbList","@id":"https:\/\/www.monzanet.it\/en\/information-for-the-disabled-and-children\/#breadcrumb","itemListElement":[{"@type":"ListItem","position":1,"name":"Home","item":"https:\/\/www.monzanet.it\/en\/"},{"@type":"ListItem","position":2,"name":"Information for the disabled and children"}]},{"@type":"WebSite","@id":"https:\/\/www.monzanet.it\/en\/#website","url":"https:\/\/www.monzanet.it\/en\/","name":"Autodromo Nazionale Monza","description":"The Temple of Speed","potentialAction":[{"@type":"SearchAction","target":{"@type":"EntryPoint","urlTemplate":"https:\/\/www.monzanet.it\/en\/?s={search_term_string}"},"query-input":{"@type":"PropertyValueSpecification","valueRequired":true,"valueName":"search_term_string"}}],"inLanguage":"en-US"}]}},"_links":{"self":[{"href":"https:\/\/www.monzanet.it\/en\/wp-json\/wp\/v2\/pages\/4281","targetHints":{"allow":["GET"]}}],"collection":[{"href":"https:\/\/www.monzanet.it\/en\/wp-json\/wp\/v2\/pages"}],"about":[{"href":"https:\/\/www.monzanet.it\/en\/wp-json\/wp\/v2\/types\/page"}],"author":[{"embeddable":true,"href":"https:\/\/www.monzanet.it\/en\/wp-json\/wp\/v2\/users\/11"}],"replies":[{"embeddable":true,"href":"https:\/\/www.monzanet.it\/en\/wp-json\/wp\/v2\/comments?post=4281"}],"version-history":[{"count":0,"href":"https:\/\/www.monzanet.it\/en\/wp-json\/wp\/v2\/pages\/4281\/revisions"}],"wp:attachment":[{"href":"https:\/\/www.monzanet.it\/en\/wp-json\/wp\/v2\/media?parent=4281"}],"curies":[{"name":"wp","href":"https:\/\/api.w.org\/{rel}","templated":true}]}}